{"id":2013,"date":"2020-02-06T12:18:17","date_gmt":"2020-02-06T12:18:17","guid":{"rendered":"http:\/\/im24.nl\/beachsuites\/?page_id=2013"},"modified":"2025-04-30T15:10:18","modified_gmt":"2025-04-30T13:10:18","slug":"zomer","status":"publish","type":"page","link":"https:\/\/chaletalmblick.com\/de\/zomer\/","title":{"rendered":"Sommer"},"content":{"rendered":"<div data-elementor-type=\"wp-page\" data-elementor-id=\"2013\" class=\"elementor elementor-2013\" data-elementor-post-type=\"page\">\n\t\t\t\t\t\t<section class=\"elementor-section elementor-top-section elementor-element elementor-element-79e0086 elementor-section-height-min-height elementor-section-items-bottom elementor-section-boxed elementor-section-height-default\" data-id=\"79e0086\" data-element_type=\"section\" data-e-type=\"section\" data-settings=\"{&quot;background_background&quot;:&quot;classic&quot;}\">\n\t\t\t\t\t\t<div class=\"elementor-container elementor-column-gap-default\">\n\t\t\t\t\t<div class=\"elementor-column elementor-col-100 elementor-top-column elementor-element elementor-element-1a53bca\" data-id=\"1a53bca\" data-element_type=\"column\" data-e-type=\"column\">\n\t\t\t<div class=\"elementor-widget-wrap elementor-element-populated\">\n\t\t\t\t\t\t\t<\/div>\n\t\t<\/div>\n\t\t\t\t\t<\/div>\n\t\t<\/section>\n\t\t\t\t<section class=\"elementor-section elementor-top-section elementor-element elementor-element-f2217b6 elementor-section-boxed elementor-section-height-default elementor-section-height-default\" data-id=\"f2217b6\" data-element_type=\"section\" data-e-type=\"section\">\n\t\t\t\t\t\t<div class=\"elementor-container elementor-column-gap-default\">\n\t\t\t\t\t<div class=\"elementor-column elementor-col-100 elementor-top-column elementor-element elementor-element-152bd37\" data-id=\"152bd37\" data-element_type=\"column\" data-e-type=\"column\">\n\t\t\t<div class=\"elementor-widget-wrap elementor-element-populated\">\n\t\t\t\t\t\t<div class=\"elementor-element elementor-element-0925afd elementor-widget elementor-widget-text-editor\" data-id=\"0925afd\" data-element_type=\"widget\" data-e-type=\"widget\" data-widget_type=\"text-editor.default\">\n\t\t\t\t<div class=\"elementor-widget-container\">\n\t\t\t\t\t\t\t\t\t<span><h2><strong>ENTSPANNUNG, ERHOLUNG, RUHE, AKTIVIT\u00c4T UND VITALIT\u00c4T!<\/strong><\/h2><\/span>\t\t\t\t\t\t\t\t<\/div>\n\t\t\t\t<\/div>\n\t\t\t\t<div class=\"elementor-element elementor-element-84d6691 elementor-widget elementor-widget-text-editor\" data-id=\"84d6691\" data-element_type=\"widget\" data-e-type=\"widget\" data-widget_type=\"text-editor.default\">\n\t\t\t\t<div class=\"elementor-widget-container\">\n\t\t\t\t\t<style>.elementor-element-84d6691{display:none !important}<\/style>\t\t\t\t<\/div>\n\t\t\t\t<\/div>\n\t\t\t\t<div class=\"elementor-element elementor-element-b41d592 elementor-widget elementor-widget-text-editor\" data-id=\"b41d592\" data-element_type=\"widget\" data-e-type=\"widget\" data-widget_type=\"text-editor.default\">\n\t\t\t\t<div class=\"elementor-widget-container\">\n\t\t\t\t\t\t\t\t\t<p class=\"translation-block\">Im Sommer ist die Region ein beliebtes Urlaubsziel. Neben Wander-, Nordic-Walking und Segway-M\u00f6glichkeiten gibt es zahlreiche Attraktionen, wie den \u201cFisser Flitzer\u201d, eine Sommerrodelbahn im Summer Funpark Fiss bei der M\u00f6seralm, in dem man auch in den sogenannten Flieger einsteigen kann. Seit 2010 gibt es zudem den \u201cSerfauser Sauser\u201d, ein Seil, an dem man befestigt wird und in einer H\u00f6he von ca. 80m \u00fcber die Berge fliegt. Im Sommer 2013 wurde der neue BikePark er\u00f6ffnet. Die 3 verschiedene Routen f\u00fchren von der Bergstation Sunliner\/Waldbahn bis zur Talstation Waldbahn. Au\u00dferdem gibt es das \u201cMurmliwasser\u201d, ein Wasserspielplatz f\u00fcr Kinder. Neu ist das\/die \u201cSpiegelei\u201d, ein Spiegellabyrinth. Mit der \u201cSuper-Sommer-Karte\u201d k\u00f6nnen G\u00e4ste der Region im Sommer mit dem Wanderbus und den Gondelbahnen fahren. (Super-Sommer-Karte nicht im Mietpreis enthalten). Im Sommer ist es eine beliebte Wanderregion.<\/p>\t\t\t\t\t\t\t\t<\/div>\n\t\t\t\t<\/div>\n\t\t\t\t<div class=\"elementor-element elementor-element-fef7c2d elementor-widget elementor-widget-text-editor\" data-id=\"fef7c2d\" data-element_type=\"widget\" data-e-type=\"widget\" data-widget_type=\"text-editor.default\">\n\t\t\t\t<div class=\"elementor-widget-container\">\n\t\t\t\t\t<style>.elementor-element-fef7c2d{display:none !important}<\/style>\t\t\t\t<\/div>\n\t\t\t\t<\/div>\n\t\t\t\t<div class=\"elementor-element elementor-element-2fcebcb elementor-widget elementor-widget-text-editor\" data-id=\"2fcebcb\" data-element_type=\"widget\" data-e-type=\"widget\" data-widget_type=\"text-editor.default\">\n\t\t\t\t<div class=\"elementor-widget-container\">\n\t\t\t\t\t<style>.elementor-element-2fcebcb{display:none !important}<\/style>\t\t\t\t<\/div>\n\t\t\t\t<\/div>\n\t\t\t\t\t<\/div>\n\t\t<\/div>\n\t\t\t\t\t<\/div>\n\t\t<\/section>\n\t\t\t\t<\/div>","protected":false},"excerpt":{"rendered":"<p>ONTSPANNING, RUST, ACTIVITEIT EN VITALTEIT! Voor een actieve vakantie bent u bij ons ook aan het juiste adres. Wandelen (500 km bewegwijzerde wandelwegen).Mountainbiken (200 km bewegwijzerde mountainbikeparcours).Elektrisch fietsen (85 km bewegwijzerde tochten voor elektrische fietsen).Bikepark \/ Nordic Walking (Nordic Walking-tochten) \/ Klimmen.X-Trees Funzone \/ Segway-trekking \/ Paragliding.Rafting &amp; canyoning \/ rijden met paard &amp; koets [&hellip;]<\/p>\n","protected":false},"author":1,"featured_media":0,"parent":0,"menu_order":0,"comment_status":"closed","ping_status":"closed","template":"","meta":{"site-sidebar-layout":"no-sidebar","site-content-layout":"page-builder","ast-site-content-layout":"default","site-content-style":"default","site-sidebar-style":"default","ast-global-header-display":"","ast-banner-title-visibility":"","ast-main-header-display":"","ast-hfb-above-header-display":"","ast-hfb-below-header-display":"","ast-hfb-mobile-header-display":"","site-post-title":"disabled","ast-breadcrumbs-content":"","ast-featured-img":"disabled","footer-sml-layout":"","ast-disable-related-posts":"","theme-transparent-header-meta":"default","adv-header-id-meta":"","stick-header-meta":"","header-above-stick-meta":"","header-main-stick-meta":"","header-below-stick-meta":"","astra-migrate-meta-layouts":"default","ast-page-background-enabled":"default","ast-page-background-meta":{"desktop":{"background-color":"","background-image":"","background-repeat":"repeat","background-position":"center center","background-size":"auto","background-attachment":"scroll","background-type":"","background-media":"","overlay-type":"","overlay-color":"","overlay-opacity":"","overlay-gradient":""},"tablet":{"background-color":"","background-image":"","background-repeat":"repeat","background-position":"center center","background-size":"auto","background-attachment":"scroll","background-type":"","background-media":"","overlay-type":"","overlay-color":"","overlay-opacity":"","overlay-gradient":""},"mobile":{"background-color":"","background-image":"","background-repeat":"repeat","background-position":"center center","background-size":"auto","background-attachment":"scroll","background-type":"","background-media":"","overlay-type":"","overlay-color":"","overlay-opacity":"","overlay-gradient":""}},"ast-content-background-meta":{"desktop":{"background-color":"var(--ast-global-color-5)","background-image":"","background-repeat":"repeat","background-position":"center center","background-size":"auto","background-attachment":"scroll","background-type":"","background-media":"","overlay-type":"","overlay-color":"","overlay-opacity":"","overlay-gradient":""},"tablet":{"background-color":"var(--ast-global-color-5)","background-image":"","background-repeat":"repeat","background-position":"center center","background-size":"auto","background-attachment":"scroll","background-type":"","background-media":"","overlay-type":"","overlay-color":"","overlay-opacity":"","overlay-gradient":""},"mobile":{"background-color":"var(--ast-global-color-5)","background-image":"","background-repeat":"repeat","background-position":"center center","background-size":"auto","background-attachment":"scroll","background-type":"","background-media":"","overlay-type":"","overlay-color":"","overlay-opacity":"","overlay-gradient":""}},"footnotes":""},"class_list":["post-2013","page","type-page","status-publish","hentry"],"_links":{"self":[{"href":"https:\/\/chaletalmblick.com\/de\/wp-json\/wp\/v2\/pages\/2013","targetHints":{"allow":["GET"]}}],"collection":[{"href":"https:\/\/chaletalmblick.com\/de\/wp-json\/wp\/v2\/pages"}],"about":[{"href":"https:\/\/chaletalmblick.com\/de\/wp-json\/wp\/v2\/types\/page"}],"author":[{"embeddable":true,"href":"https:\/\/chaletalmblick.com\/de\/wp-json\/wp\/v2\/users\/1"}],"replies":[{"embeddable":true,"href":"https:\/\/chaletalmblick.com\/de\/wp-json\/wp\/v2\/comments?post=2013"}],"version-history":[{"count":14,"href":"https:\/\/chaletalmblick.com\/de\/wp-json\/wp\/v2\/pages\/2013\/revisions"}],"predecessor-version":[{"id":4869,"href":"https:\/\/chaletalmblick.com\/de\/wp-json\/wp\/v2\/pages\/2013\/revisions\/4869"}],"wp:attachment":[{"href":"https:\/\/chaletalmblick.com\/de\/wp-json\/wp\/v2\/media?parent=2013"}],"curies":[{"name":"wp","href":"https:\/\/api.w.org\/{rel}","templated":true}]}}