{"id":2009,"date":"2020-02-06T12:13:18","date_gmt":"2020-02-06T12:13:18","guid":{"rendered":"http:\/\/im24.nl\/beachsuites\/?page_id=2009"},"modified":"2020-09-08T20:50:12","modified_gmt":"2020-09-08T18:50:12","slug":"winter","status":"publish","type":"page","link":"https:\/\/chaletalmblick.com\/de\/winter\/","title":{"rendered":"Winter"},"content":{"rendered":"<div data-elementor-type=\"wp-page\" data-elementor-id=\"2009\" class=\"elementor elementor-2009\" data-elementor-post-type=\"page\">\n\t\t\t\t\t\t<section class=\"elementor-section elementor-top-section elementor-element elementor-element-79e0086 elementor-section-height-min-height elementor-section-items-bottom elementor-section-boxed elementor-section-height-default\" data-id=\"79e0086\" data-element_type=\"section\" data-e-type=\"section\" data-settings=\"{&quot;background_background&quot;:&quot;classic&quot;}\">\n\t\t\t\t\t\t<div class=\"elementor-container elementor-column-gap-default\">\n\t\t\t\t\t<div class=\"elementor-column elementor-col-100 elementor-top-column elementor-element elementor-element-1a53bca\" data-id=\"1a53bca\" data-element_type=\"column\" data-e-type=\"column\">\n\t\t\t<div class=\"elementor-widget-wrap elementor-element-populated\">\n\t\t\t\t\t\t\t<\/div>\n\t\t<\/div>\n\t\t\t\t\t<\/div>\n\t\t<\/section>\n\t\t\t\t<section class=\"elementor-section elementor-top-section elementor-element elementor-element-f2217b6 elementor-section-boxed elementor-section-height-default elementor-section-height-default\" data-id=\"f2217b6\" data-element_type=\"section\" data-e-type=\"section\">\n\t\t\t\t\t\t<div class=\"elementor-container elementor-column-gap-default\">\n\t\t\t\t\t<div class=\"elementor-column elementor-col-100 elementor-top-column elementor-element elementor-element-152bd37\" data-id=\"152bd37\" data-element_type=\"column\" data-e-type=\"column\">\n\t\t\t<div class=\"elementor-widget-wrap elementor-element-populated\">\n\t\t\t\t\t\t<div class=\"elementor-element elementor-element-0925afd elementor-widget elementor-widget-text-editor\" data-id=\"0925afd\" data-element_type=\"widget\" data-e-type=\"widget\" data-widget_type=\"text-editor.default\">\n\t\t\t\t<div class=\"elementor-widget-container\">\n\t\t\t\t\t\t\t\t\t<h2><strong>AKTIVIT\u00c4T, VITALIT\u00c4T, ERHOLUNG, RUHE UND ENTSPANNUNG!<\/strong><\/h2><p>Serfaus-Fiss-Ladis ist eine Tourismusregion und Skigebiet in Tirol, \u00d6sterreich. Als Tiroler Planungsverband hei\u00dft die Region Sonnenterrasse. Sie ist der Zusammenschluss der drei Gemeinden Serfaus, Fiss und Ladis im Obereen Gericht im hinteren Tiroler Inntal. Das Skigebiet entstand 1999 aus dem Zusammenschluss der zwei Gebiete der drei Gemeinden und reicht von 1.200m bis 2.820m Seeh\u00f6he. 70 Liftanlagen erschlie\u00dfen insgesamt 212 Pistenkilometer, von denen 155,7 Kilometer k\u00fcnstlich beschneit werden k\u00f6nnen. Die Gesamtbef\u00f6rderungskapazit\u00e4t der Bergbahnen des Skigebietes betr\u00e4gt 90.000 Personen pro Stunde. Weiterhin verf\u00fcgt das Gebiet \u00fcber 119km pr\u00e4parierte Loipen, sowohl im Ort als auch in der Umgebung sowie 7 Funparks. Hinzu kommen 10 km Rodelbahnen sowie 70km ger\u00e4umte Winterwanderwege. Die Sonnenbahn: Fiss-Ladis. Die Sonnenbahn ist eine Sechser Kabinen Umlaufgondelbahn die von Ladis (1.200m) \u00fcber die Mittelstation Sonnenburg (1550m) nach (Fiss 1436m) f\u00fchrt. Sie hat mit der M\u00f6seralmbahn einen gemeinsame Talstation und ist 2.900 m lang. Mit der Skischule Serfaus und der Skischule Fiss-Ladis verf\u00fcgt das Skigebiet \u00fcber zwei gro\u00dfe Skischulen. Beide Skischulen wurden mehrfach mit der Qualit\u00e4tsauszeichung \u201cQuality Award \u2013 Snowsport Tirol\u201d des Tirolerskilehrerverbandes ausgezeichnet. Sowohl bei der Sonnenburg Fiss, als auch im Komperdell in Serfaus, haben beide Skischulen jeweils einen gro\u00dfen Anf\u00e4ngerpark mit F\u00f6rderb\u00e4ndern, um kleine Kinder sanft an das Skifahren zu gew\u00f6hnen Highlights im Schigebiet Serfaus-Fiss-Ladis:\n<ul>\n \t<li>Funparks in Serfaus und Fiss-Ladis<\/li>\n \t<li>Take-Off Snow &amp; Fun Center<\/li>\n \t<li>Permanente Rennstrecken<\/li>\n \t<li>Carvingstrecke<\/li>\n \t<li>Buckelpisten<\/li>\n \t<li>Mini-Ski-Doo-Parcours<\/li>\n \t<li>Viele Bergrestaurants<\/li>\n \t<li>Apres-Ski-Spass<\/li>\n \t<li>Kinderwelten mit multimedialen Pisten<\/li>\n \t<li>\u00a0Murmlis Kinderschneealm<\/li>\n \t<li>\u00a0Bertas Kinderland<\/li>\n<\/ul><\/p>\t\t\t\t\t\t\t\t<\/div>\n\t\t\t\t<\/div>\n\t\t\t\t<div class=\"elementor-element elementor-element-2c27853 elementor-widget elementor-widget-text-editor\" data-id=\"2c27853\" data-element_type=\"widget\" data-e-type=\"widget\" data-widget_type=\"text-editor.default\">\n\t\t\t\t<div class=\"elementor-widget-container\">\n\t\t\t\t\t<style>.elementor-element-2c27853{display:none !important}<\/style>\t\t\t\t<\/div>\n\t\t\t\t<\/div>\n\t\t\t\t\t<\/div>\n\t\t<\/div>\n\t\t\t\t\t<\/div>\n\t\t<\/section>\n\t\t\t\t<\/div>","protected":false},"excerpt":{"rendered":"<p>ACTIVITEIT, VITALITEIT, RUST EN ONTSPANNING! De Tiroolse ski-dimensie Serfaus-Fiss-Ladis is een groot skigebied op een hoogte van 1.200 m tot 2.820 m en biedt u veel meer dan alleen een gemeenschappelijke skipas. Het pisteaanbod op het hoogplateau is zowel voor beginners als gevorderden als voor het hele gezin bijzonder geschikt: brede pistes met veel ruimte [&hellip;]<\/p>\n","protected":false},"author":1,"featured_media":0,"parent":0,"menu_order":0,"comment_status":"closed","ping_status":"closed","template":"","meta":{"site-sidebar-layout":"no-sidebar","site-content-layout":"page-builder","ast-site-content-layout":"default","site-content-style":"default","site-sidebar-style":"default","ast-global-header-display":"","ast-banner-title-visibility":"","ast-main-header-display":"","ast-hfb-above-header-display":"","ast-hfb-below-header-display":"","ast-hfb-mobile-header-display":"","site-post-title":"disabled","ast-breadcrumbs-content":"","ast-featured-img":"disabled","footer-sml-layout":"","ast-disable-related-posts":"","theme-transparent-header-meta":"default","adv-header-id-meta":"","stick-header-meta":"","header-above-stick-meta":"","header-main-stick-meta":"","header-below-stick-meta":"","astra-migrate-meta-layouts":"default","ast-page-background-enabled":"default","ast-page-background-meta":{"desktop":{"background-color":"","background-image":"","background-repeat":"repeat","background-position":"center center","background-size":"auto","background-attachment":"scroll","background-type":"","background-media":"","overlay-type":"","overlay-color":"","overlay-opacity":"","overlay-gradient":""},"tablet":{"background-color":"","background-image":"","background-repeat":"repeat","background-position":"center center","background-size":"auto","background-attachment":"scroll","background-type":"","background-media":"","overlay-type":"","overlay-color":"","overlay-opacity":"","overlay-gradient":""},"mobile":{"background-color":"","background-image":"","background-repeat":"repeat","background-position":"center center","background-size":"auto","background-attachment":"scroll","background-type":"","background-media":"","overlay-type":"","overlay-color":"","overlay-opacity":"","overlay-gradient":""}},"ast-content-background-meta":{"desktop":{"background-color":"var(--ast-global-color-5)","background-image":"","background-repeat":"repeat","background-position":"center center","background-size":"auto","background-attachment":"scroll","background-type":"","background-media":"","overlay-type":"","overlay-color":"","overlay-opacity":"","overlay-gradient":""},"tablet":{"background-color":"var(--ast-global-color-5)","background-image":"","background-repeat":"repeat","background-position":"center center","background-size":"auto","background-attachment":"scroll","background-type":"","background-media":"","overlay-type":"","overlay-color":"","overlay-opacity":"","overlay-gradient":""},"mobile":{"background-color":"var(--ast-global-color-5)","background-image":"","background-repeat":"repeat","background-position":"center center","background-size":"auto","background-attachment":"scroll","background-type":"","background-media":"","overlay-type":"","overlay-color":"","overlay-opacity":"","overlay-gradient":""}},"footnotes":""},"class_list":["post-2009","page","type-page","status-publish","hentry"],"_links":{"self":[{"href":"https:\/\/chaletalmblick.com\/de\/wp-json\/wp\/v2\/pages\/2009","targetHints":{"allow":["GET"]}}],"collection":[{"href":"https:\/\/chaletalmblick.com\/de\/wp-json\/wp\/v2\/pages"}],"about":[{"href":"https:\/\/chaletalmblick.com\/de\/wp-json\/wp\/v2\/types\/page"}],"author":[{"embeddable":true,"href":"https:\/\/chaletalmblick.com\/de\/wp-json\/wp\/v2\/users\/1"}],"replies":[{"embeddable":true,"href":"https:\/\/chaletalmblick.com\/de\/wp-json\/wp\/v2\/comments?post=2009"}],"version-history":[{"count":8,"href":"https:\/\/chaletalmblick.com\/de\/wp-json\/wp\/v2\/pages\/2009\/revisions"}],"predecessor-version":[{"id":2435,"href":"https:\/\/chaletalmblick.com\/de\/wp-json\/wp\/v2\/pages\/2009\/revisions\/2435"}],"wp:attachment":[{"href":"https:\/\/chaletalmblick.com\/de\/wp-json\/wp\/v2\/media?parent=2009"}],"curies":[{"name":"wp","href":"https:\/\/api.w.org\/{rel}","templated":true}]}}