{"id":1905,"date":"2020-02-06T10:39:16","date_gmt":"2020-02-06T10:39:16","guid":{"rendered":"http:\/\/im24.nl\/beachsuites\/?page_id=1905"},"modified":"2025-04-30T15:24:47","modified_gmt":"2025-04-30T13:24:47","slug":"prijsinformatie","status":"publish","type":"page","link":"https:\/\/chaletalmblick.com\/de\/prijsinformatie\/","title":{"rendered":"Preisinformationen"},"content":{"rendered":"<div data-elementor-type=\"wp-page\" data-elementor-id=\"1905\" class=\"elementor elementor-1905\" data-elementor-post-type=\"page\">\n\t\t\t\t\t\t<section class=\"elementor-section elementor-top-section elementor-element elementor-element-79e0086 elementor-section-height-min-height elementor-section-items-bottom elementor-section-boxed elementor-section-height-default\" data-id=\"79e0086\" data-element_type=\"section\" data-e-type=\"section\" data-settings=\"{&quot;background_background&quot;:&quot;classic&quot;}\">\n\t\t\t\t\t\t<div class=\"elementor-container elementor-column-gap-default\">\n\t\t\t\t\t<div class=\"elementor-column elementor-col-100 elementor-top-column elementor-element elementor-element-1a53bca\" data-id=\"1a53bca\" data-element_type=\"column\" data-e-type=\"column\">\n\t\t\t<div class=\"elementor-widget-wrap elementor-element-populated\">\n\t\t\t\t\t\t<div class=\"elementor-element elementor-element-73738df elementor-widget elementor-widget-heading\" data-id=\"73738df\" data-element_type=\"widget\" data-e-type=\"widget\" data-widget_type=\"heading.default\">\n\t\t\t\t<div class=\"elementor-widget-container\">\n\t\t\t\t\t<h1 class=\"elementor-heading-title elementor-size-default\">Preisinformationen<\/h1>\t\t\t\t<\/div>\n\t\t\t\t<\/div>\n\t\t\t\t\t<\/div>\n\t\t<\/div>\n\t\t\t\t\t<\/div>\n\t\t<\/section>\n\t\t\t\t<section class=\"elementor-section elementor-top-section elementor-element elementor-element-f2217b6 elementor-section-boxed elementor-section-height-default elementor-section-height-default\" data-id=\"f2217b6\" data-element_type=\"section\" data-e-type=\"section\">\n\t\t\t\t\t\t<div class=\"elementor-container elementor-column-gap-default\">\n\t\t\t\t\t<div class=\"elementor-column elementor-col-100 elementor-top-column elementor-element elementor-element-152bd37\" data-id=\"152bd37\" data-element_type=\"column\" data-e-type=\"column\">\n\t\t\t<div class=\"elementor-widget-wrap elementor-element-populated\">\n\t\t\t\t\t\t<div class=\"elementor-element elementor-element-0925afd elementor-widget elementor-widget-text-editor\" data-id=\"0925afd\" data-element_type=\"widget\" data-e-type=\"widget\" data-widget_type=\"text-editor.default\">\n\t\t\t\t<div class=\"elementor-widget-container\">\n\t\t\t\t\t\t\t\t\t<h4><strong>IM PREIS ENTHALTEN:<\/strong><\/h4><ul><li>Bettw\u00e4sche, Bad- und Geschirrt\u00fccher,<\/li><li>Heizung und Strom,<\/li><li>W-Lan,<\/li><li>Parkplatz.<\/li><\/ul><h4><strong>ORTSTAXE:\u00a0<\/strong><\/h4><p>Kurtaxe 3,70 \u20ac pro Person pro Nacht (ab 16 Jahren).<\/p><h4><strong>SUPER-SOMMER-CARD:<\/strong><\/h4><p>Der Beitrag pro Person ist nicht in der Miete enthalten.<\/p><h4><strong>RESERVIERUNGEN:<\/strong><\/h4><p class=\"translation-block\">Sind nur schriftlich \u2013 E-Mail\/Postweg \u2013 g\u00fcltig.<br \/>\nWir best\u00e4tigen Ihre Buchung mit Erhalt einer Anzahlung per Bank \u00fceberweisung auf unser Bankkonto.<br \/>\nAnzahlung pro Buchung pro Apartment 40%.<\/p><p>Das Apartment ist f\u00fcr die von Ihnen angegebene Personenzahl gebucht, zus\u00e4tzliche Personen sind nur mit telefonische oder schriftliche Verbindung (E-Mail) vor Anreise m\u00f6glich, und werden mit Aufpreis verrechtnet.<\/p><p>Bei versp\u00e4teter Anreise oder vorzeitiger Abreise stellen wir die vollen Mietbetrag in Rechnung.<br \/>\nWir empfehlen den Abschluss einer Reiser\u00fccktrittsversicherung.<\/p><h4><strong>AN- UND ABREISE:<\/strong><\/h4><p class=\"translation-block\">Die Apartments sind am Anreisetag ab ca. 15.00 Uhr f\u00fcr Sie bereit. Sollten Sie nach 19.00 Uhr anreisen, bitten wir Sie freundlich, uns dies kurz telefonisch oder per E-Mail mitzuteilen. Am Abreisetag bitten wir Sie, das Apartment bis 10.00 Uhr freizumachen.<\/p><h4><strong>SONSTIGE INFORMATIONEN:<\/strong><\/h4><ul><li>Haustiere, Maximum 2, sind bei uns willkommen.<\/li><li>Alle Apartments sind Nichtraucherapartments.<\/li><li>Abweichungen in den Pl\u00e4nen sind m\u00f6glich (nur eine schematische Darstellung).<\/li><li>Auf Wunsch: Br\u00f6tchenservice.<\/li><\/ul><h4><strong>ZAHLUNGSINFORMATIONEN:<\/strong><\/h4><p>Die zweite Zahlung (60% der Miete) pro Bargeld ist am Tag der Ankunft m\u00f6glich.<br \/>Debitkarten- oder Kreditkartenzahlungen sind leider nicht m\u00f6glich.<\/p><p class=\"translation-block\">Bankverbindung:<br \/>\nVolksbank Landeck: IBAN AT7242 39000 5000 69913<br \/>\nBIC\/SWIFT-Code:    VBOEATWWINN<br \/>\nim Namen von:      Daniel Bruinenberg \u2013 Vermietung<\/p><p><em>\u00c4nderungen und Tippfehler vorbehalten.<\/em><\/p>\t\t\t\t\t\t\t\t<\/div>\n\t\t\t\t<\/div>\n\t\t\t\t\t<\/div>\n\t\t<\/div>\n\t\t\t\t\t<\/div>\n\t\t<\/section>\n\t\t\t\t<\/div>","protected":false},"excerpt":{"rendered":"<p>Prijsinformatie IN DE HUURSOM INBEGREPEN: Gebruik van beddengoed, badhanddoeken en keukenset Verwarming en stroom WiFi Parkeerplaats TOERISTENBELASTING:\u00a0 Toeristenbelasting \u20ac 3,70 per persoon per nacht (vanaf 16 \u00a0jaar). SUPER-SOMMER-CARD: Bijdrage per persoon niet in huursom inbegrepen. RESERVERINGEN: Wij bevestigingen uw boeking na ontvangst van uw aanbetaling op onze bankrekening.Aanbetaling per boeking per appartement 40% van de [&hellip;]<\/p>\n","protected":false},"author":1,"featured_media":0,"parent":0,"menu_order":0,"comment_status":"closed","ping_status":"closed","template":"","meta":{"site-sidebar-layout":"no-sidebar","site-content-layout":"page-builder","ast-site-content-layout":"default","site-content-style":"default","site-sidebar-style":"default","ast-global-header-display":"","ast-banner-title-visibility":"","ast-main-header-display":"","ast-hfb-above-header-display":"","ast-hfb-below-header-display":"","ast-hfb-mobile-header-display":"","site-post-title":"disabled","ast-breadcrumbs-content":"","ast-featured-img":"disabled","footer-sml-layout":"","ast-disable-related-posts":"","theme-transparent-header-meta":"default","adv-header-id-meta":"","stick-header-meta":"","header-above-stick-meta":"","header-main-stick-meta":"","header-below-stick-meta":"","astra-migrate-meta-layouts":"default","ast-page-background-enabled":"default","ast-page-background-meta":{"desktop":{"background-color":"","background-image":"","background-repeat":"repeat","background-position":"center center","background-size":"auto","background-attachment":"scroll","background-type":"","background-media":"","overlay-type":"","overlay-color":"","overlay-opacity":"","overlay-gradient":""},"tablet":{"background-color":"","background-image":"","background-repeat":"repeat","background-position":"center center","background-size":"auto","background-attachment":"scroll","background-type":"","background-media":"","overlay-type":"","overlay-color":"","overlay-opacity":"","overlay-gradient":""},"mobile":{"background-color":"","background-image":"","background-repeat":"repeat","background-position":"center center","background-size":"auto","background-attachment":"scroll","background-type":"","background-media":"","overlay-type":"","overlay-color":"","overlay-opacity":"","overlay-gradient":""}},"ast-content-background-meta":{"desktop":{"background-color":"var(--ast-global-color-5)","background-image":"","background-repeat":"repeat","background-position":"center center","background-size":"auto","background-attachment":"scroll","background-type":"","background-media":"","overlay-type":"","overlay-color":"","overlay-opacity":"","overlay-gradient":""},"tablet":{"background-color":"var(--ast-global-color-5)","background-image":"","background-repeat":"repeat","background-position":"center center","background-size":"auto","background-attachment":"scroll","background-type":"","background-media":"","overlay-type":"","overlay-color":"","overlay-opacity":"","overlay-gradient":""},"mobile":{"background-color":"var(--ast-global-color-5)","background-image":"","background-repeat":"repeat","background-position":"center center","background-size":"auto","background-attachment":"scroll","background-type":"","background-media":"","overlay-type":"","overlay-color":"","overlay-opacity":"","overlay-gradient":""}},"footnotes":""},"class_list":["post-1905","page","type-page","status-publish","hentry"],"_links":{"self":[{"href":"https:\/\/chaletalmblick.com\/de\/wp-json\/wp\/v2\/pages\/1905","targetHints":{"allow":["GET"]}}],"collection":[{"href":"https:\/\/chaletalmblick.com\/de\/wp-json\/wp\/v2\/pages"}],"about":[{"href":"https:\/\/chaletalmblick.com\/de\/wp-json\/wp\/v2\/types\/page"}],"author":[{"embeddable":true,"href":"https:\/\/chaletalmblick.com\/de\/wp-json\/wp\/v2\/users\/1"}],"replies":[{"embeddable":true,"href":"https:\/\/chaletalmblick.com\/de\/wp-json\/wp\/v2\/comments?post=1905"}],"version-history":[{"count":31,"href":"https:\/\/chaletalmblick.com\/de\/wp-json\/wp\/v2\/pages\/1905\/revisions"}],"predecessor-version":[{"id":4875,"href":"https:\/\/chaletalmblick.com\/de\/wp-json\/wp\/v2\/pages\/1905\/revisions\/4875"}],"wp:attachment":[{"href":"https:\/\/chaletalmblick.com\/de\/wp-json\/wp\/v2\/media?parent=1905"}],"curies":[{"name":"wp","href":"https:\/\/api.w.org\/{rel}","templated":true}]}}